{"id":4789,"date":"2024-10-30T12:37:27","date_gmt":"2024-10-30T12:37:27","guid":{"rendered":"https:\/\/pemtr.net\/?page_id=4789"},"modified":"2024-10-30T12:37:27","modified_gmt":"2024-10-30T12:37:27","slug":"vekaletname-ile-ilgili-onemli-bilgiler","status":"publish","type":"page","link":"https:\/\/pemtr.net\/?page_id=4789","title":{"rendered":"Vekaletname \u0130le \u0130lgili \u00d6nemli Bilgiler"},"content":{"rendered":"","protected":false},"excerpt":{"rendered":"","protected":false},"author":1,"featured_media":0,"parent":0,"menu_order":0,"comment_status":"closed","ping_status":"closed","template":"","meta":{"footnotes":""},"class_list":["post-4789","page","type-page","status-publish","hentry"],"_links":{"self":[{"href":"https:\/\/pemtr.net\/index.php?rest_route=\/wp\/v2\/pages\/4789","targetHints":{"allow":["GET"]}}],"collection":[{"href":"https:\/\/pemtr.net\/index.php?rest_route=\/wp\/v2\/pages"}],"about":[{"href":"https:\/\/pemtr.net\/index.php?rest_route=\/wp\/v2\/types\/page"}],"author":[{"embeddable":true,"href":"https:\/\/pemtr.net\/index.php?rest_route=\/wp\/v2\/users\/1"}],"replies":[{"embeddable":true,"href":"https:\/\/pemtr.net\/index.php?rest_route=%2Fwp%2Fv2%2Fcomments&post=4789"}],"version-history":[{"count":1,"href":"https:\/\/pemtr.net\/index.php?rest_route=\/wp\/v2\/pages\/4789\/revisions"}],"predecessor-version":[{"id":4811,"href":"https:\/\/pemtr.net\/index.php?rest_route=\/wp\/v2\/pages\/4789\/revisions\/4811"}],"wp:attachment":[{"href":"https:\/\/pemtr.net\/index.php?rest_route=%2Fwp%2Fv2%2Fmedia&parent=4789"}],"curies":[{"name":"wp","href":"https:\/\/api.w.org\/{rel}","templated":true}]}}